{"id":4400,"date":"2021-10-12T15:51:09","date_gmt":"2021-10-12T15:51:09","guid":{"rendered":"http:\/\/dummy.xtemos.com\/woodmart2\/elementor\/?page_id=4400"},"modified":"2025-05-27T15:18:57","modified_gmt":"2025-05-27T14:18:57","slug":"sodelujte-z-nami","status":"publish","type":"page","link":"https:\/\/ghlab.si\/en\/sodelujte-z-nami\/","title":{"rendered":"Collaborate with us"},"content":{"rendered":"<div data-elementor-type=\"wp-page\" data-elementor-id=\"4400\" class=\"elementor elementor-4400\">\n\t\t\t\t<div class=\"wd-negative-gap elementor-element elementor-element-7c7c544 wd-section-stretch e-flex e-con-boxed wpr-particle-no wpr-jarallax-no wpr-parallax-no wpr-sticky-section-no e-con e-parent\" data-id=\"7c7c544\" data-element_type=\"container\" data-settings=\"{&quot;background_background&quot;:&quot;classic&quot;}\">\n\t\t\t\t\t<div class=\"e-con-inner\">\n\t\t<div class=\"elementor-element elementor-element-e7cb5cd e-con-full e-flex wpr-particle-no wpr-jarallax-no wpr-parallax-no wpr-sticky-section-no e-con e-child\" data-id=\"e7cb5cd\" data-element_type=\"container\">\n\t\t\t\t<div class=\"elementor-element elementor-element-56aec39 elementor-widget elementor-widget-wd_image_or_svg\" data-id=\"56aec39\" data-element_type=\"widget\" data-widget_type=\"wd_image_or_svg.default\">\n\t\t\t\t<div class=\"elementor-widget-container\">\n\t\t\t\t\t\n\t\t<div class=\"wd-image text-left\">\n\t\t\t\t\t\t\t\t<img decoding=\"async\"  alt=\"GH Lab + logo\" src=\"https:\/\/ghlab.si\/wp-content\/uploads\/2025\/02\/ghlab_logo.svg\" title=\"GH Lab +  logo\" loading=\"lazy\" width=\"3000\" height=\"3000\">\t\t\t\t\t<\/div>\n\n\t\t\t\t\t\t<\/div>\n\t\t\t\t<\/div>\n\t\t\t\t<\/div>\n\t\t<div class=\"elementor-element elementor-element-97d6084 e-con-full e-flex wpr-particle-no wpr-jarallax-no wpr-parallax-no wpr-sticky-section-no e-con e-child\" data-id=\"97d6084\" data-element_type=\"container\">\n\t\t\t\t<div class=\"elementor-element elementor-element-98d830b wd-width-100 elementor-widget elementor-widget-wd_title\" data-id=\"98d830b\" data-element_type=\"widget\" data-widget_type=\"wd_title.default\">\n\t\t\t\t<div class=\"elementor-widget-container\">\n\t\t\t\t\t\t\t<div class=\"title-wrapper wd-set-mb reset-last-child wd-title-color-primary wd-title-style-default wd-title-size-large text-left\">\n\n\t\t\t\t\t\t\t\t\t\t\t<div class=\"title-subtitle subtitle-color-primary subtitle-style-default wd-fontsize-xs\">\n\t\t\t\t\tGH Lab d.o.o.\t\t\t\t<\/div>\n\t\t\t\n\t\t\t<div class=\"liner-continer\">\n\t\t\t\t<h1 class=\"woodmart-title-container title wd-fontsize-xxl\">Collaborate with us!<\/h1> \n\t\t\t\t\t\t\t<\/div>\n\n\t\t\t\t\t\t\t<div class=\"title-after_title reset-last-child wd-fontsize-s\">\n\t\t\t\t\t<p><em>Together we are stronger.<\/em><\/p>\t\t\t\t<\/div>\n\t\t\t\t\t<\/div>\n\t\t\t\t\t\t<\/div>\n\t\t\t\t<\/div>\n\t\t\t\t<div class=\"elementor-element elementor-element-66e47ad elementor-widget elementor-widget-wd_text_block\" data-id=\"66e47ad\" data-element_type=\"widget\" data-widget_type=\"wd_text_block.default\">\n\t\t\t\t<div class=\"elementor-widget-container\">\n\t\t\t\t\t\t\t<div class=\"wd-text-block reset-last-child text-left\">\n\t\t\t\n\t\t\t<p>At GH Lab d.o.o., we believe in the power of collaboration and long-term partnerships. If you are interested in joint projects, business cooperation or distribution of our products, we invite you to fill out the contact form below. We will be happy to review the possibilities of cooperation and get in touch with you.<\/p>\n\t\t\t\t\t<\/div>\n\t\t\t\t\t\t<\/div>\n\t\t\t\t<\/div>\n\t\t<div class=\"elementor-element elementor-element-3eef7d8 e-con-full e-flex wpr-particle-no wpr-jarallax-no wpr-parallax-no wpr-sticky-section-no e-con e-child\" data-id=\"3eef7d8\" data-element_type=\"container\">\n\t\t\t\t<div class=\"elementor-element elementor-element-ee232e9 elementor-widget__width-auto elementor-hidden-phone elementor-widget elementor-widget-wd_social_buttons\" data-id=\"ee232e9\" data-element_type=\"widget\" data-widget_type=\"wd_social_buttons.default\">\n\t\t\t\t<div class=\"elementor-widget-container\">\n\t\t\t\t\t\t\t\t<div\n\t\t\t\t\t\tclass=\"wd-social-icons wd-style-colored-alt wd-size-small social-share wd-shape-circle color-scheme-dark text-left\">\n\t\t\t\t\n\t\t\t\t\n\t\t\t\t\n\t\t\t\t\n\t\t\t\t\n\t\t\t\t\n\t\t\t\t\n\t\t\t\t\n\t\t\t\t\n\t\t\t\t\n\t\t\t\t\n\t\t\t\t\n\t\t\t\t\n\t\t\t\t\n\t\t\t\t\n\t\t\t\t\n\t\t\t\t\n\t\t\t\t\n\t\t\t\t\n\t\t\t\t\n\t\t\t\t\n\t\t\t\t\n\t\t\t\t\n\t\t\t\t\n\t\t\t\t\n\t\t\t\t\n\t\t\t\t\n\t\t\t\t\n\t\t\t<\/div>\n\n\t\t\t\t\t\t<\/div>\n\t\t\t\t<\/div>\n\t\t\t\t<\/div>\n\t\t\t\t<\/div>\n\t\t\t\t\t<\/div>\n\t\t\t\t<\/div>\n\t\t\t\t<section class=\"wd-negative-gap elementor-section elementor-top-section elementor-element elementor-element-1c3492cd elementor-section-boxed elementor-section-height-default elementor-section-height-default wpr-particle-no wpr-jarallax-no wpr-parallax-no wpr-sticky-section-no\" data-id=\"1c3492cd\" data-element_type=\"section\">\n\t\t\t\t\t\t<div class=\"elementor-container elementor-column-gap-default\">\n\t\t\t\t\t<div class=\"elementor-column elementor-col-100 elementor-top-column elementor-element elementor-element-276be357\" data-id=\"276be357\" data-element_type=\"column\">\n\t\t\t<div class=\"elementor-widget-wrap elementor-element-populated\">\n\t\t\t\t\t\t<div class=\"elementor-element elementor-element-2d516ce7 wd-width-100 elementor-widget elementor-widget-wd_title\" data-id=\"2d516ce7\" data-element_type=\"widget\" data-widget_type=\"wd_title.default\">\n\t\t\t\t<div class=\"elementor-widget-container\">\n\t\t\t\t\t\t\t<div class=\"title-wrapper wd-set-mb reset-last-child wd-title-color-default wd-title-style-bordered wd-title-size-default text-left\">\n\n\t\t\t\n\t\t\t<div class=\"liner-continer\">\n\t\t\t\t<h4 class=\"woodmart-title-container title wd-fontsize-l\">Contact form<\/h4> \n\t\t\t\t\t\t\t<\/div>\n\n\t\t\t\t\t<\/div>\n\t\t\t\t\t\t<\/div>\n\t\t\t\t<\/div>\n\t\t\t\t<div class=\"elementor-element elementor-element-4982ee6d wd-cf7 elementor-widget elementor-widget-wd_contact_form_7\" data-id=\"4982ee6d\" data-element_type=\"widget\" data-widget_type=\"wd_contact_form_7.default\">\n\t\t\t\t<div class=\"elementor-widget-container\">\n\t\t\t\t\t\n<div class=\"wpcf7 no-js\" id=\"wpcf7-f1572-o1\" lang=\"en-US\" dir=\"ltr\" data-wpcf7-id=\"1572\">\n<div class=\"screen-reader-response\"><p role=\"status\" aria-live=\"polite\" aria-atomic=\"true\"><\/p> <ul><\/ul><\/div>\n<form action=\"\/en\/wp-json\/wp\/v2\/pages\/4400#wpcf7-f1572-o1\" method=\"post\" class=\"wpcf7-form init\" aria-label=\"Contact form\" novalidate=\"novalidate\" data-status=\"init\" data-trp-original-action=\"\/en\/wp-json\/wp\/v2\/pages\/4400#wpcf7-f1572-o1\">\n<fieldset class=\"hidden-fields-container\"><input type=\"hidden\" name=\"_wpcf7\" value=\"1572\" \/><input type=\"hidden\" name=\"_wpcf7_version\" value=\"6.1.4\" \/><input type=\"hidden\" name=\"_wpcf7_locale\" value=\"en_US\" \/><input type=\"hidden\" name=\"_wpcf7_unit_tag\" value=\"wpcf7-f1572-o1\" \/><input type=\"hidden\" name=\"_wpcf7_container_post\" value=\"0\" \/><input type=\"hidden\" name=\"_wpcf7_posted_data_hash\" value=\"\" \/>\n<\/fieldset>\n<div class=\"row\">\n\t<p class=\"col-md-6\"><label>Name and surname<\/label><span class=\"wpcf7-form-control-wrap\" data-name=\"your-name\"><input size=\"40\" maxlength=\"400\" class=\"wpcf7-form-control wpcf7-text wpcf7-validates-as-required\" aria-required=\"true\" aria-invalid=\"false\" value=\"\" type=\"text\" name=\"your-name\" \/><\/span>\n\t<\/p>\n\t<p class=\"col-md-6\"><label>E-mail<\/label><span class=\"wpcf7-form-control-wrap\" data-name=\"your-email\"><input size=\"40\" maxlength=\"400\" class=\"wpcf7-form-control wpcf7-email wpcf7-validates-as-required wpcf7-text wpcf7-validates-as-email\" aria-required=\"true\" aria-invalid=\"false\" value=\"\" type=\"email\" name=\"your-email\" \/><\/span>\n\t<\/p>\n<\/div>\n<div class=\"row\">\n\t<p class=\"col-md-6\"><label>Phone<\/label><span class=\"wpcf7-form-control-wrap\" data-name=\"tel-767\"><input size=\"40\" maxlength=\"400\" class=\"wpcf7-form-control wpcf7-tel wpcf7-text wpcf7-validates-as-tel\" aria-invalid=\"false\" value=\"\" type=\"tel\" name=\"tel-767\" \/><\/span>\n\t<\/p>\n\t<p class=\"col-md-6\"><label>Company<\/label><span class=\"wpcf7-form-control-wrap\" data-name=\"text-1\"><input size=\"40\" maxlength=\"400\" class=\"wpcf7-form-control wpcf7-text\" aria-invalid=\"false\" value=\"\" type=\"text\" name=\"text-1\" \/><\/span>\n\t<\/p>\n<\/div>\n<p><label>Your message<\/label><span class=\"wpcf7-form-control-wrap\" data-name=\"your-message\"><textarea cols=\"40\" rows=\"10\" maxlength=\"2000\" class=\"wpcf7-form-control wpcf7-textarea\" aria-invalid=\"false\" name=\"your-message\"><\/textarea><\/span>\n<\/p>\n<p><input class=\"wpcf7-form-control wpcf7-submit has-spinner btn-color-black\" type=\"submit\" value=\"Send\" \/>\n<\/p><div class=\"wpcf7-response-output\" aria-hidden=\"true\"><\/div>\n<input type=\"hidden\" name=\"trp-form-language\" value=\"en\"\/><\/form>\n<\/div>\n\t\t\t\t<\/div>\n\t\t\t\t<\/div>\n\t\t\t\t\t<\/div>\n\t\t<\/div>\n\t\t\t\t\t<\/div>\n\t\t<\/section>\n\t\t\t\t<\/div>","protected":false},"excerpt":{"rendered":"<p>GH Lab d.o.o. Sodelujte z nami! Skupaj bomo mo\u010dnej\u0161i. V podjetju\u00a0GH Lab d.o.o.\u00a0verjamemo v mo\u010d sodelovanja in dolgoro\u010dnih partnerstev. \u010ce<\/p>","protected":false},"author":1,"featured_media":0,"parent":0,"menu_order":0,"comment_status":"closed","ping_status":"closed","template":"elementor_header_footer","meta":{"footnotes":""},"class_list":["post-4400","page","type-page","status-publish","hentry"],"yoast_head":"<!-- This site is optimized with the Yoast SEO plugin v26.5 - https:\/\/yoast.com\/wordpress\/plugins\/seo\/ -->\n<title>Sodelujte z nami - GH Lab +<\/title>\n<meta name=\"robots\" content=\"index, follow, max-snippet:-1, max-image-preview:large, max-video-preview:-1\" \/>\n<link rel=\"canonical\" href=\"https:\/\/ghlab.si\/en\/sodelujte-z-nami\/\" \/>\n<meta property=\"og:locale\" content=\"en_US\" \/>\n<meta property=\"og:type\" content=\"article\" \/>\n<meta property=\"og:title\" content=\"Sodelujte z nami - GH Lab +\" \/>\n<meta property=\"og:description\" content=\"GH Lab d.o.o. Sodelujte z nami! Skupaj bomo mo\u010dnej\u0161i. V podjetju\u00a0GH Lab d.o.o.\u00a0verjamemo v mo\u010d sodelovanja in dolgoro\u010dnih partnerstev. \u010ce\" \/>\n<meta property=\"og:url\" content=\"https:\/\/ghlab.si\/en\/sodelujte-z-nami\/\" \/>\n<meta property=\"og:site_name\" content=\"GH Lab +\" \/>\n<meta property=\"article:modified_time\" content=\"2025-05-27T14:18:57+00:00\" \/>\n<meta property=\"og:image\" content=\"https:\/\/ghlab.si\/wp-content\/uploads\/2025\/02\/ghlab_logo.svg\" \/>\n<meta name=\"twitter:card\" content=\"summary_large_image\" \/>\n<script type=\"application\/ld+json\" class=\"yoast-schema-graph\">{\"@context\":\"https:\/\/schema.org\",\"@graph\":[{\"@type\":\"WebPage\",\"@id\":\"https:\/\/ghlab.si\/sodelujte-z-nami\/\",\"url\":\"https:\/\/ghlab.si\/sodelujte-z-nami\/\",\"name\":\"Sodelujte z nami - GH Lab +\",\"isPartOf\":{\"@id\":\"https:\/\/ghlab.si\/#website\"},\"primaryImageOfPage\":{\"@id\":\"https:\/\/ghlab.si\/sodelujte-z-nami\/#primaryimage\"},\"image\":{\"@id\":\"https:\/\/ghlab.si\/sodelujte-z-nami\/#primaryimage\"},\"thumbnailUrl\":\"https:\/\/ghlab.si\/wp-content\/uploads\/2025\/02\/ghlab_logo.svg\",\"datePublished\":\"2021-10-12T15:51:09+00:00\",\"dateModified\":\"2025-05-27T14:18:57+00:00\",\"breadcrumb\":{\"@id\":\"https:\/\/ghlab.si\/sodelujte-z-nami\/#breadcrumb\"},\"inLanguage\":\"en-US\",\"potentialAction\":[{\"@type\":\"ReadAction\",\"target\":[\"https:\/\/ghlab.si\/sodelujte-z-nami\/\"]}]},{\"@type\":\"ImageObject\",\"inLanguage\":\"en-US\",\"@id\":\"https:\/\/ghlab.si\/sodelujte-z-nami\/#primaryimage\",\"url\":\"https:\/\/ghlab.si\/wp-content\/uploads\/2025\/02\/ghlab_logo.svg\",\"contentUrl\":\"https:\/\/ghlab.si\/wp-content\/uploads\/2025\/02\/ghlab_logo.svg\"},{\"@type\":\"BreadcrumbList\",\"@id\":\"https:\/\/ghlab.si\/sodelujte-z-nami\/#breadcrumb\",\"itemListElement\":[{\"@type\":\"ListItem\",\"position\":1,\"name\":\"Home\",\"item\":\"https:\/\/ghlab.si\/\"},{\"@type\":\"ListItem\",\"position\":2,\"name\":\"Sodelujte z nami\"}]},{\"@type\":\"WebSite\",\"@id\":\"https:\/\/ghlab.si\/#website\",\"url\":\"https:\/\/ghlab.si\/\",\"name\":\"GH Lab +\",\"description\":\"VitalBoost 360\",\"publisher\":{\"@id\":\"https:\/\/ghlab.si\/#organization\"},\"potentialAction\":[{\"@type\":\"SearchAction\",\"target\":{\"@type\":\"EntryPoint\",\"urlTemplate\":\"https:\/\/ghlab.si\/?s={search_term_string}\"},\"query-input\":{\"@type\":\"PropertyValueSpecification\",\"valueRequired\":true,\"valueName\":\"search_term_string\"}}],\"inLanguage\":\"en-US\"},{\"@type\":\"Organization\",\"@id\":\"https:\/\/ghlab.si\/#organization\",\"name\":\"GH Lab +\",\"url\":\"https:\/\/ghlab.si\/\",\"logo\":{\"@type\":\"ImageObject\",\"inLanguage\":\"en-US\",\"@id\":\"https:\/\/ghlab.si\/#\/schema\/logo\/image\/\",\"url\":\"https:\/\/ghlab.si\/wp-content\/uploads\/2025\/02\/ghlab_logo.svg\",\"contentUrl\":\"https:\/\/ghlab.si\/wp-content\/uploads\/2025\/02\/ghlab_logo.svg\",\"width\":521,\"height\":301,\"caption\":\"GH Lab +\"},\"image\":{\"@id\":\"https:\/\/ghlab.si\/#\/schema\/logo\/image\/\"},\"sameAs\":[\"https:\/\/www.instagram.com\/ghlabplus\/\"]}]}<\/script>\n<!-- \/ Yoast SEO plugin. -->","yoast_head_json":{"title":"Sodelujte z nami - GH Lab +","robots":{"index":"index","follow":"follow","max-snippet":"max-snippet:-1","max-image-preview":"max-image-preview:large","max-video-preview":"max-video-preview:-1"},"canonical":"https:\/\/ghlab.si\/en\/sodelujte-z-nami\/","og_locale":"en_US","og_type":"article","og_title":"Sodelujte z nami - GH Lab +","og_description":"GH Lab d.o.o. Sodelujte z nami! Skupaj bomo mo\u010dnej\u0161i. V podjetju\u00a0GH Lab d.o.o.\u00a0verjamemo v mo\u010d sodelovanja in dolgoro\u010dnih partnerstev. \u010ce","og_url":"https:\/\/ghlab.si\/en\/sodelujte-z-nami\/","og_site_name":"GH Lab +","article_modified_time":"2025-05-27T14:18:57+00:00","og_image":[{"url":"https:\/\/ghlab.si\/wp-content\/uploads\/2025\/02\/ghlab_logo.svg","type":"","width":"","height":""}],"twitter_card":"summary_large_image","schema":{"@context":"https:\/\/schema.org","@graph":[{"@type":"WebPage","@id":"https:\/\/ghlab.si\/sodelujte-z-nami\/","url":"https:\/\/ghlab.si\/sodelujte-z-nami\/","name":"Sodelujte z nami - GH Lab +","isPartOf":{"@id":"https:\/\/ghlab.si\/#website"},"primaryImageOfPage":{"@id":"https:\/\/ghlab.si\/sodelujte-z-nami\/#primaryimage"},"image":{"@id":"https:\/\/ghlab.si\/sodelujte-z-nami\/#primaryimage"},"thumbnailUrl":"https:\/\/ghlab.si\/wp-content\/uploads\/2025\/02\/ghlab_logo.svg","datePublished":"2021-10-12T15:51:09+00:00","dateModified":"2025-05-27T14:18:57+00:00","breadcrumb":{"@id":"https:\/\/ghlab.si\/sodelujte-z-nami\/#breadcrumb"},"inLanguage":"en-US","potentialAction":[{"@type":"ReadAction","target":["https:\/\/ghlab.si\/sodelujte-z-nami\/"]}]},{"@type":"ImageObject","inLanguage":"en-US","@id":"https:\/\/ghlab.si\/sodelujte-z-nami\/#primaryimage","url":"https:\/\/ghlab.si\/wp-content\/uploads\/2025\/02\/ghlab_logo.svg","contentUrl":"https:\/\/ghlab.si\/wp-content\/uploads\/2025\/02\/ghlab_logo.svg"},{"@type":"BreadcrumbList","@id":"https:\/\/ghlab.si\/sodelujte-z-nami\/#breadcrumb","itemListElement":[{"@type":"ListItem","position":1,"name":"Home","item":"https:\/\/ghlab.si\/"},{"@type":"ListItem","position":2,"name":"Sodelujte z nami"}]},{"@type":"WebSite","@id":"https:\/\/ghlab.si\/#website","url":"https:\/\/ghlab.si\/","name":"GH Lab +","description":"VitalBoost 360","publisher":{"@id":"https:\/\/ghlab.si\/#organization"},"potentialAction":[{"@type":"SearchAction","target":{"@type":"EntryPoint","urlTemplate":"https:\/\/ghlab.si\/?s={search_term_string}"},"query-input":{"@type":"PropertyValueSpecification","valueRequired":true,"valueName":"search_term_string"}}],"inLanguage":"en-US"},{"@type":"Organization","@id":"https:\/\/ghlab.si\/#organization","name":"GH Lab +","url":"https:\/\/ghlab.si\/","logo":{"@type":"ImageObject","inLanguage":"en-US","@id":"https:\/\/ghlab.si\/#\/schema\/logo\/image\/","url":"https:\/\/ghlab.si\/wp-content\/uploads\/2025\/02\/ghlab_logo.svg","contentUrl":"https:\/\/ghlab.si\/wp-content\/uploads\/2025\/02\/ghlab_logo.svg","width":521,"height":301,"caption":"GH Lab +"},"image":{"@id":"https:\/\/ghlab.si\/#\/schema\/logo\/image\/"},"sameAs":["https:\/\/www.instagram.com\/ghlabplus\/"]}]}},"_links":{"self":[{"href":"https:\/\/ghlab.si\/en\/wp-json\/wp\/v2\/pages\/4400","targetHints":{"allow":["GET"]}}],"collection":[{"href":"https:\/\/ghlab.si\/en\/wp-json\/wp\/v2\/pages"}],"about":[{"href":"https:\/\/ghlab.si\/en\/wp-json\/wp\/v2\/types\/page"}],"author":[{"embeddable":true,"href":"https:\/\/ghlab.si\/en\/wp-json\/wp\/v2\/users\/1"}],"replies":[{"embeddable":true,"href":"https:\/\/ghlab.si\/en\/wp-json\/wp\/v2\/comments?post=4400"}],"version-history":[{"count":32,"href":"https:\/\/ghlab.si\/en\/wp-json\/wp\/v2\/pages\/4400\/revisions"}],"predecessor-version":[{"id":27480,"href":"https:\/\/ghlab.si\/en\/wp-json\/wp\/v2\/pages\/4400\/revisions\/27480"}],"wp:attachment":[{"href":"https:\/\/ghlab.si\/en\/wp-json\/wp\/v2\/media?parent=4400"}],"curies":[{"name":"wp","href":"https:\/\/api.w.org\/{rel}","templated":true}]}}