{"id":38,"date":"2021-08-26T12:19:34","date_gmt":"2021-08-26T12:19:34","guid":{"rendered":"http:\/\/dummy.xtemos.com\/woodmart2\/elementor\/?page_id=38"},"modified":"2025-03-17T17:59:02","modified_gmt":"2025-03-17T16:59:02","slug":"koticek-zdrave-prehrane","status":"publish","type":"page","link":"https:\/\/ghlab.si\/en\/koticek-zdrave-prehrane\/","title":{"rendered":"Healthy Nutrition Corner"},"content":{"rendered":"<div data-elementor-type=\"wp-page\" data-elementor-id=\"38\" class=\"elementor elementor-38\">\n\t\t\t\t<div class=\"wd-negative-gap elementor-element elementor-element-6a6ffff e-flex e-con-boxed wpr-particle-no wpr-jarallax-no wpr-parallax-no wpr-sticky-section-no e-con e-parent\" data-id=\"6a6ffff\" data-element_type=\"container\" data-settings=\"{&quot;background_background&quot;:&quot;classic&quot;}\">\n\t\t\t\t\t<div class=\"e-con-inner\">\n\t\t<div class=\"elementor-element elementor-element-7c2186b e-con-full e-flex wpr-particle-no wpr-jarallax-no wpr-parallax-no wpr-sticky-section-no e-con e-child\" data-id=\"7c2186b\" data-element_type=\"container\">\n\t\t\t\t<div class=\"elementor-element elementor-element-339a0c1 wd-width-100 elementor-widget elementor-widget-wd_title\" data-id=\"339a0c1\" data-element_type=\"widget\" data-widget_type=\"wd_title.default\">\n\t\t\t\t<div class=\"elementor-widget-container\">\n\t\t\t\t\t\t\t<div class=\"title-wrapper wd-set-mb reset-last-child wd-title-color-default wd-title-style-simple wd-title-size-extra-large text-center\">\n\n\t\t\t\t\t\t\t\t\t\t\t<div class=\"title-subtitle subtitle-color-default subtitle-style-default wd-fontsize-m\">\n\t\t\t\t\tDiscover tips, recipes and guidance for balanced nutrition, energy, health and vitality.\t\t\t\t<\/div>\n\t\t\t\n\t\t\t<div class=\"liner-continer\">\n\t\t\t\t<h1 class=\"woodmart-title-container title wd-fontsize-xxxl\">Healthy Nutrition Corner<\/h1> \n\t\t\t\t\t\t\t<\/div>\n\n\t\t\t\t\t<\/div>\n\t\t\t\t\t\t<\/div>\n\t\t\t\t<\/div>\n\t\t\t\t<div class=\"elementor-element elementor-element-f962eb4 color-scheme-inherit text-left elementor-widget elementor-widget-text-editor\" data-id=\"f962eb4\" data-element_type=\"widget\" data-widget_type=\"text-editor.default\">\n\t\t\t\t<div class=\"elementor-widget-container\">\n\t\t\t\t\t\t\t\t\t<p>V\u00a0<strong>At Healthy Nutrition Corner we believe that health is the foundation of happiness and our offering includes carefully selected natural ingredients that support your health, energy, and well-being. We emphasize the importance of a balanced diet rich in vitamins, minerals, and nutrients that your body needs for optimal functioning.<\/strong>\u00a0verjamemo, da je zdravje temelj sre\u010de in uspeha. Na\u0161a ponudba vklju\u010duje skrbno izbrane in naravne sestavine, ki podpirajo va\u0161e zdravje, energijo in dobro po\u010dutje. Poudarjamo pomembnost uravnote\u017eene prehrane, ki je bogata z vitamini, minerali in hranili, ki jih na\u0161e telo potrebuje za optimalno delovanje.<\/p>\n<p><!-- \/wp:paragraph --><!-- wp:paragraph --><\/p>\n<p>On this subpage you will find tips, recipes and recommendations that will help you prepare delicious and nutritious meals. Regardless of whether you are looking for simple recipes for everyday nutrition or want to improve your eating routine, you will find inspiration for healthy and delicious meals. You can always contact our experienced nutrition consultants for free for advice, who have been involved in a healthy lifestyle for years and also publish recipes and visual materials from their kitchens for you.<\/p>\n<p><!-- \/wp:paragraph --><\/p>\n<p>We ensure that each meal contains all the necessary nutrients that support your health, energy, and vitality.<\/p>\t\t\t\t\t\t\t\t<\/div>\n\t\t\t\t<\/div>\n\t\t\t\t<\/div>\n\t\t\t\t\t<\/div>\n\t\t\t\t<\/div>\n\t\t<div class=\"wd-negative-gap elementor-element elementor-element-b4e63f4 wd-section-stretch e-flex e-con-boxed wpr-particle-no wpr-jarallax-no wpr-parallax-no wpr-sticky-section-no e-con e-parent\" data-id=\"b4e63f4\" data-element_type=\"container\" data-settings=\"{&quot;background_background&quot;:&quot;classic&quot;,&quot;shape_divider_top&quot;:&quot;wd_curved_line&quot;}\">\n\t\t\t\t\t<div class=\"e-con-inner\">\n\t\t\t\t<div class=\"elementor-shape elementor-shape-top\" aria-hidden=\"true\" data-negative=\"false\">\n\t\t\t<svg xmlns=\"http:\/\/www.w3.org\/2000\/svg\" class=\"wd-divider\" xmlns:xlink=\"http:\/\/www.w3.org\/1999\/xlink\" x=\"0px\" y=\"0px\"\n\t viewbox=\"0 0 100 100\" width=\"100%\" height=\"50px\" preserveaspectratio=\"none\">\n<path class=\"elementor-shape-fill\" display=\"none\" d=\"M100,25.8V100H0V52.5c-4.9-6.8-9.5-13.8-15-19.7V101h125V20.9C106.3,22,103,23.7,100,25.8z\"\/>\n<path class=\"elementor-shape-fill\" d=\"M0,0v99c22-20.6,28.7-69.7,61.4-69.7c18.8,0,29.1,16.2,38.6,34V0L0,0z\"\/>\n<\/svg>\n\t\t<\/div>\n\t\t\t\t<div class=\"elementor-element elementor-element-6027295 wd-width-100 elementor-widget elementor-widget-wd_blog\" data-id=\"6027295\" data-element_type=\"widget\" data-widget_type=\"wd_blog.default\">\n\t\t\t\t<div class=\"elementor-widget-container\">\n\t\t\t\t\t\t\t\t\t\t\t\t<div class=\"wd-blog-element\">\n\t\t\t\t\t\t\t\t\t\t\t\n\t\t\t\t\t<div class=\"wd-posts wd-blog-holder wd-grid-g\" id=\"69eb5cc102de6\" data-paged=\"1\" data-atts=\"{&quot;post_type&quot;:&quot;post&quot;,&quot;items_per_page&quot;:4,&quot;include&quot;:null,&quot;taxonomies&quot;:[],&quot;offset&quot;:&quot;&quot;,&quot;orderby&quot;:&quot;date&quot;,&quot;order&quot;:&quot;DESC&quot;,&quot;meta_key&quot;:null,&quot;exclude&quot;:&quot;&quot;,&quot;element_title&quot;:&quot;&quot;,&quot;element_title_tag&quot;:&quot;h4&quot;,&quot;parts_media&quot;:true,&quot;parts_title&quot;:&quot;1&quot;,&quot;parts_meta&quot;:&quot;&quot;,&quot;parts_text&quot;:&quot;1&quot;,&quot;parts_btn&quot;:&quot;1&quot;,&quot;parts_published_date&quot;:&quot;1&quot;,&quot;img_size&quot;:&quot;large&quot;,&quot;blog_design&quot;:&quot;chess&quot;,&quot;blog_carousel_design&quot;:null,&quot;blog_masonry&quot;:null,&quot;blog_columns&quot;:null,&quot;blog_columns_tablet&quot;:{&quot;size&quot;:&quot;&quot;},&quot;blog_columns_mobile&quot;:{&quot;size&quot;:&quot;&quot;},&quot;blog_spacing&quot;:null,&quot;blog_spacing_tablet&quot;:&quot;&quot;,&quot;blog_spacing_mobile&quot;:&quot;&quot;,&quot;pagination&quot;:&quot;more-btn&quot;,&quot;speed&quot;:null,&quot;slides_per_view&quot;:null,&quot;slides_per_view_tablet&quot;:{&quot;size&quot;:&quot;&quot;},&quot;slides_per_view_mobile&quot;:{&quot;size&quot;:&quot;&quot;},&quot;wrap&quot;:null,&quot;autoplay&quot;:null,&quot;hide_pagination_control&quot;:null,&quot;hide_prev_next_buttons&quot;:null,&quot;scroll_per_page&quot;:null,&quot;lazy_loading&quot;:&quot;no&quot;,&quot;scroll_carousel_init&quot;:null,&quot;ajax_page&quot;:&quot;&quot;,&quot;custom_sizes&quot;:false,&quot;elementor&quot;:true}\" data-source=\"shortcode\">\n\t\t\t\n\t\t\t\t\t\t\t\t\t\t\t\t\t\t\n<article id=\"post-465\" class=\"wd-post blog-design-chess blog-post-loop blog-design-small-images blog-style-bg wd-add-shadow wd-col post-465 post type-post status-publish format-standard has-post-thumbnail hentry category-prehranska-dopolnila tag-prehranska-dopolnila tag-zgodovina\">\n\t<div class=\"wd-post-inner article-inner\">\n\t\t\t\t\t<div class=\"wd-post-thumb entry-header\">\n\t\t\t\t\t\t\t\t\t<div class=\"wd-post-img post-img-wrapp\">\n\t\t\t\t\t\t<img loading=\"lazy\" decoding=\"async\" width=\"1200\" height=\"800\" src=\"https:\/\/ghlab.si\/wp-content\/uploads\/2025\/04\/view-healthy-food-incased-pill-shaped-container-3-1200x800.jpg\" class=\"attachment-large size-large\" alt=\"GH Lab prehranska dopolnila\" srcset=\"https:\/\/ghlab.si\/wp-content\/uploads\/2025\/04\/view-healthy-food-incased-pill-shaped-container-3-1200x800.jpg 1200w, https:\/\/ghlab.si\/wp-content\/uploads\/2025\/04\/view-healthy-food-incased-pill-shaped-container-3-400x267.jpg 400w, https:\/\/ghlab.si\/wp-content\/uploads\/2025\/04\/view-healthy-food-incased-pill-shaped-container-3-768x512.jpg 768w, https:\/\/ghlab.si\/wp-content\/uploads\/2025\/04\/view-healthy-food-incased-pill-shaped-container-3-1536x1024.jpg 1536w, https:\/\/ghlab.si\/wp-content\/uploads\/2025\/04\/view-healthy-food-incased-pill-shaped-container-3-2048x1365.jpg 2048w, https:\/\/ghlab.si\/wp-content\/uploads\/2025\/04\/view-healthy-food-incased-pill-shaped-container-3-430x287.jpg 430w, https:\/\/ghlab.si\/wp-content\/uploads\/2025\/04\/view-healthy-food-incased-pill-shaped-container-3-700x467.jpg 700w, https:\/\/ghlab.si\/wp-content\/uploads\/2025\/04\/view-healthy-food-incased-pill-shaped-container-3-150x100.jpg 150w\" sizes=\"auto, (max-width: 1200px) 100vw, 1200px\" \/>\t\t\t\t\t<\/div>\n\t\t\t\t\t\t\t\t\t\t<a class=\"wd-fill\" tabindex=\"-1\" href=\"https:\/\/ghlab.si\/en\/zgodovina-prehranskih-dopolnil\/\" aria-label=\"Link on post Zgodovina prehranskih dopolnil\"><\/a>\n\t\t\t\t\n\t\t\t\t\t\t\t\t\t\t\t\t<div class=\"wd-post-date wd-style-with-bg\">\n\t\t\t\t<span class=\"post-date-day\">\n\t\t\t\t\t23\t\t\t\t<\/span>\n\t\t\t\t<span class=\"post-date-month\">\n\t\t\t\t\tMay\t\t\t\t<\/span>\n\t\t\t<\/div>\n\t\t\t\t\t\t\t\t\t<\/div>\n\t\t\n\t\t<div class=\"wd-post-content article-body-container\">\n\t\t\t\n\t\t\t\t\t\t\t<h3 class=\"wd-post-title wd-entities-title title post-title\">\n\t\t\t\t\t<a href=\"https:\/\/ghlab.si\/en\/zgodovina-prehranskih-dopolnil\/\" rel=\"bookmark\">History of dietary supplements<\/a>\n\t\t\t\t<\/h3>\n\t\t\t\n\t\t\t\n\t\t\t\t\t\t\t\t\t\t\t\t<div class=\"wd-post-excerpt entry-content\">\n\t\t\t\t\t\tDietary supplements have become an important part of modern nutrition, but their history goes far into the past. From the first attempts to use\u2026\t\t\t\t\t<\/div>\n\t\t\t\t\n\t\t\t\t\t\t\t\t\t\t\t\t\t\t<div class=\"wd-post-read-more wd-style-link read-more-section\">\n\t\t\t\t\t\t<a class=\"\" href=\"https:\/\/ghlab.si\/en\/zgodovina-prehranskih-dopolnil\/\">Continue reading<\/a>\t\t\t\t\t<\/div>\n\t\t\t\t\t\t\t\t\t\t\t\t\t<\/div>\n\t<\/div>\n<\/article>\n\n\t\t\t\t\n\t\t\t\t\t\t\t\t<\/div>\n\t\t\t\n\t\t\t\t\t\t\t\t\t\t<\/div>\n\t\t\t\t\t\t\t\t\t\t<\/div>\n\t\t\t\t<\/div>\n\t\t\t\t\t<\/div>\n\t\t\t\t<\/div>\n\t\t\t\t<\/div>","protected":false},"excerpt":{"rendered":"<p>Pridru\u017eite se nam na poti do bolj zdravega \u017eivljenja! Koti\u010dek zdrave prehrane V\u00a0Koti\u010dku zdrave prehrane\u00a0verjamemo, da je zdravje temelj sre\u010de<\/p>","protected":false},"author":1,"featured_media":0,"parent":0,"menu_order":0,"comment_status":"closed","ping_status":"closed","template":"","meta":{"footnotes":""},"class_list":["post-38","page","type-page","status-publish","hentry"],"yoast_head":"<!-- This site is optimized with the Yoast SEO plugin v26.5 - https:\/\/yoast.com\/wordpress\/plugins\/seo\/ -->\n<title>Koti\u010dek zdrave prehrane - GH Lab +<\/title>\n<meta name=\"robots\" content=\"index, follow, max-snippet:-1, max-image-preview:large, max-video-preview:-1\" \/>\n<link rel=\"canonical\" href=\"https:\/\/ghlab.si\/en\/koticek-zdrave-prehrane\/\" \/>\n<meta property=\"og:locale\" content=\"en_US\" \/>\n<meta property=\"og:type\" content=\"article\" \/>\n<meta property=\"og:title\" content=\"Koti\u010dek zdrave prehrane - GH Lab +\" \/>\n<meta property=\"og:description\" content=\"Pridru\u017eite se nam na poti do bolj zdravega \u017eivljenja! Koti\u010dek zdrave prehrane V\u00a0Koti\u010dku zdrave prehrane\u00a0verjamemo, da je zdravje temelj sre\u010de\" \/>\n<meta property=\"og:url\" content=\"https:\/\/ghlab.si\/en\/koticek-zdrave-prehrane\/\" \/>\n<meta property=\"og:site_name\" content=\"GH Lab +\" \/>\n<meta property=\"article:modified_time\" content=\"2025-03-17T16:59:02+00:00\" \/>\n<meta property=\"og:image\" content=\"https:\/\/ghlab.si\/wp-content\/uploads\/2021\/08\/wd-blog-9.jpg\" \/>\n<meta name=\"twitter:card\" content=\"summary_large_image\" \/>\n<meta name=\"twitter:label1\" content=\"Est. reading time\" \/>\n\t<meta name=\"twitter:data1\" content=\"1 minute\" \/>\n<script type=\"application\/ld+json\" class=\"yoast-schema-graph\">{\"@context\":\"https:\/\/schema.org\",\"@graph\":[{\"@type\":\"WebPage\",\"@id\":\"https:\/\/ghlab.si\/koticek-zdrave-prehrane\/\",\"url\":\"https:\/\/ghlab.si\/koticek-zdrave-prehrane\/\",\"name\":\"Koti\u010dek zdrave prehrane - GH Lab +\",\"isPartOf\":{\"@id\":\"https:\/\/ghlab.si\/#website\"},\"primaryImageOfPage\":{\"@id\":\"https:\/\/ghlab.si\/koticek-zdrave-prehrane\/#primaryimage\"},\"image\":{\"@id\":\"https:\/\/ghlab.si\/koticek-zdrave-prehrane\/#primaryimage\"},\"thumbnailUrl\":\"https:\/\/ghlab.si\/wp-content\/uploads\/2021\/08\/wd-blog-9.jpg\",\"datePublished\":\"2021-08-26T12:19:34+00:00\",\"dateModified\":\"2025-03-17T16:59:02+00:00\",\"breadcrumb\":{\"@id\":\"https:\/\/ghlab.si\/koticek-zdrave-prehrane\/#breadcrumb\"},\"inLanguage\":\"en-US\",\"potentialAction\":[{\"@type\":\"ReadAction\",\"target\":[\"https:\/\/ghlab.si\/koticek-zdrave-prehrane\/\"]}]},{\"@type\":\"ImageObject\",\"inLanguage\":\"en-US\",\"@id\":\"https:\/\/ghlab.si\/koticek-zdrave-prehrane\/#primaryimage\",\"url\":\"https:\/\/ghlab.si\/wp-content\/uploads\/2021\/08\/wd-blog-9.jpg\",\"contentUrl\":\"https:\/\/ghlab.si\/wp-content\/uploads\/2021\/08\/wd-blog-9.jpg\"},{\"@type\":\"BreadcrumbList\",\"@id\":\"https:\/\/ghlab.si\/koticek-zdrave-prehrane\/#breadcrumb\",\"itemListElement\":[{\"@type\":\"ListItem\",\"position\":1,\"name\":\"Home\",\"item\":\"https:\/\/ghlab.si\/\"},{\"@type\":\"ListItem\",\"position\":2,\"name\":\"Koti\u010dek zdrave prehrane\"}]},{\"@type\":\"WebSite\",\"@id\":\"https:\/\/ghlab.si\/#website\",\"url\":\"https:\/\/ghlab.si\/\",\"name\":\"GH Lab +\",\"description\":\"VitalBoost 360\",\"publisher\":{\"@id\":\"https:\/\/ghlab.si\/#organization\"},\"potentialAction\":[{\"@type\":\"SearchAction\",\"target\":{\"@type\":\"EntryPoint\",\"urlTemplate\":\"https:\/\/ghlab.si\/?s={search_term_string}\"},\"query-input\":{\"@type\":\"PropertyValueSpecification\",\"valueRequired\":true,\"valueName\":\"search_term_string\"}}],\"inLanguage\":\"en-US\"},{\"@type\":\"Organization\",\"@id\":\"https:\/\/ghlab.si\/#organization\",\"name\":\"GH Lab +\",\"url\":\"https:\/\/ghlab.si\/\",\"logo\":{\"@type\":\"ImageObject\",\"inLanguage\":\"en-US\",\"@id\":\"https:\/\/ghlab.si\/#\/schema\/logo\/image\/\",\"url\":\"https:\/\/ghlab.si\/wp-content\/uploads\/2025\/02\/ghlab_logo.svg\",\"contentUrl\":\"https:\/\/ghlab.si\/wp-content\/uploads\/2025\/02\/ghlab_logo.svg\",\"width\":521,\"height\":301,\"caption\":\"GH Lab +\"},\"image\":{\"@id\":\"https:\/\/ghlab.si\/#\/schema\/logo\/image\/\"},\"sameAs\":[\"https:\/\/www.instagram.com\/ghlabplus\/\"]}]}<\/script>\n<!-- \/ Yoast SEO plugin. -->","yoast_head_json":{"title":"Koti\u010dek zdrave prehrane - GH Lab +","robots":{"index":"index","follow":"follow","max-snippet":"max-snippet:-1","max-image-preview":"max-image-preview:large","max-video-preview":"max-video-preview:-1"},"canonical":"https:\/\/ghlab.si\/en\/koticek-zdrave-prehrane\/","og_locale":"en_US","og_type":"article","og_title":"Koti\u010dek zdrave prehrane - GH Lab +","og_description":"Pridru\u017eite se nam na poti do bolj zdravega \u017eivljenja! Koti\u010dek zdrave prehrane V\u00a0Koti\u010dku zdrave prehrane\u00a0verjamemo, da je zdravje temelj sre\u010de","og_url":"https:\/\/ghlab.si\/en\/koticek-zdrave-prehrane\/","og_site_name":"GH Lab +","article_modified_time":"2025-03-17T16:59:02+00:00","og_image":[{"url":"https:\/\/ghlab.si\/wp-content\/uploads\/2021\/08\/wd-blog-9.jpg","type":"","width":"","height":""}],"twitter_card":"summary_large_image","twitter_misc":{"Est. reading time":"1 minute"},"schema":{"@context":"https:\/\/schema.org","@graph":[{"@type":"WebPage","@id":"https:\/\/ghlab.si\/koticek-zdrave-prehrane\/","url":"https:\/\/ghlab.si\/koticek-zdrave-prehrane\/","name":"Koti\u010dek zdrave prehrane - GH Lab +","isPartOf":{"@id":"https:\/\/ghlab.si\/#website"},"primaryImageOfPage":{"@id":"https:\/\/ghlab.si\/koticek-zdrave-prehrane\/#primaryimage"},"image":{"@id":"https:\/\/ghlab.si\/koticek-zdrave-prehrane\/#primaryimage"},"thumbnailUrl":"https:\/\/ghlab.si\/wp-content\/uploads\/2021\/08\/wd-blog-9.jpg","datePublished":"2021-08-26T12:19:34+00:00","dateModified":"2025-03-17T16:59:02+00:00","breadcrumb":{"@id":"https:\/\/ghlab.si\/koticek-zdrave-prehrane\/#breadcrumb"},"inLanguage":"en-US","potentialAction":[{"@type":"ReadAction","target":["https:\/\/ghlab.si\/koticek-zdrave-prehrane\/"]}]},{"@type":"ImageObject","inLanguage":"en-US","@id":"https:\/\/ghlab.si\/koticek-zdrave-prehrane\/#primaryimage","url":"https:\/\/ghlab.si\/wp-content\/uploads\/2021\/08\/wd-blog-9.jpg","contentUrl":"https:\/\/ghlab.si\/wp-content\/uploads\/2021\/08\/wd-blog-9.jpg"},{"@type":"BreadcrumbList","@id":"https:\/\/ghlab.si\/koticek-zdrave-prehrane\/#breadcrumb","itemListElement":[{"@type":"ListItem","position":1,"name":"Home","item":"https:\/\/ghlab.si\/"},{"@type":"ListItem","position":2,"name":"Koti\u010dek zdrave prehrane"}]},{"@type":"WebSite","@id":"https:\/\/ghlab.si\/#website","url":"https:\/\/ghlab.si\/","name":"GH Lab +","description":"VitalBoost 360","publisher":{"@id":"https:\/\/ghlab.si\/#organization"},"potentialAction":[{"@type":"SearchAction","target":{"@type":"EntryPoint","urlTemplate":"https:\/\/ghlab.si\/?s={search_term_string}"},"query-input":{"@type":"PropertyValueSpecification","valueRequired":true,"valueName":"search_term_string"}}],"inLanguage":"en-US"},{"@type":"Organization","@id":"https:\/\/ghlab.si\/#organization","name":"GH Lab +","url":"https:\/\/ghlab.si\/","logo":{"@type":"ImageObject","inLanguage":"en-US","@id":"https:\/\/ghlab.si\/#\/schema\/logo\/image\/","url":"https:\/\/ghlab.si\/wp-content\/uploads\/2025\/02\/ghlab_logo.svg","contentUrl":"https:\/\/ghlab.si\/wp-content\/uploads\/2025\/02\/ghlab_logo.svg","width":521,"height":301,"caption":"GH Lab +"},"image":{"@id":"https:\/\/ghlab.si\/#\/schema\/logo\/image\/"},"sameAs":["https:\/\/www.instagram.com\/ghlabplus\/"]}]}},"_links":{"self":[{"href":"https:\/\/ghlab.si\/en\/wp-json\/wp\/v2\/pages\/38","targetHints":{"allow":["GET"]}}],"collection":[{"href":"https:\/\/ghlab.si\/en\/wp-json\/wp\/v2\/pages"}],"about":[{"href":"https:\/\/ghlab.si\/en\/wp-json\/wp\/v2\/types\/page"}],"author":[{"embeddable":true,"href":"https:\/\/ghlab.si\/en\/wp-json\/wp\/v2\/users\/1"}],"replies":[{"embeddable":true,"href":"https:\/\/ghlab.si\/en\/wp-json\/wp\/v2\/comments?post=38"}],"version-history":[{"count":32,"href":"https:\/\/ghlab.si\/en\/wp-json\/wp\/v2\/pages\/38\/revisions"}],"predecessor-version":[{"id":27206,"href":"https:\/\/ghlab.si\/en\/wp-json\/wp\/v2\/pages\/38\/revisions\/27206"}],"wp:attachment":[{"href":"https:\/\/ghlab.si\/en\/wp-json\/wp\/v2\/media?parent=38"}],"curies":[{"name":"wp","href":"https:\/\/api.w.org\/{rel}","templated":true}]}}